{"id":1091,"date":"2021-09-02T10:10:43","date_gmt":"2021-09-02T10:10:43","guid":{"rendered":"https:\/\/turismo.valadouro.gal\/?page_id=1091"},"modified":"2021-09-14T10:19:10","modified_gmt":"2021-09-14T10:19:10","slug":"natureza","status":"publish","type":"page","link":"https:\/\/turismo.valadouro.gal\/gl\/natureza\/","title":{"rendered":"Natureza"},"content":{"rendered":"<p>[et_pb_section fb_built=&#8221;1&#8243; admin_label=&#8221;Hero&#8221; _builder_version=&#8221;4.10.5&#8243; background_color_gradient_direction=&#8221;70deg&#8221; background_image=&#8221;https:\/\/turismo.valadouro.gal\/wp-content\/uploads\/2021\/09\/Serra-do-Xistral.jpg&#8221; background_video_height=&#8221;1080&#8243; custom_margin=&#8221;||0%|&#8221; custom_padding=&#8221;6vw||0||false|false&#8221; top_divider_style=&#8221;wave2&#8243; top_divider_color=&#8221;rgba(109,100,0,0.56&#8243; top_divider_height=&#8221;140px&#8221; top_divider_arrangement=&#8221;above_content&#8221; bottom_divider_color=&#8221;rgba(12,113,195,0.85)&#8221; bottom_divider_height=&#8221;14vw&#8221; bottom_divider_repeat=&#8221;0.5x&#8221; bottom_divider_flip=&#8221;horizontal&#8221; box_shadow_style=&#8221;preset3&#8243; global_colors_info=&#8221;{}&#8221;][et_pb_row _builder_version=&#8221;3.25&#8243; custom_margin=&#8221;|||&#8221; custom_padding=&#8221;27px|0px|300px|0px&#8221; global_colors_info=&#8221;{}&#8221;][et_pb_column type=&#8221;4_4&#8243; _builder_version=&#8221;3.25&#8243; custom_padding=&#8221;|||&#8221; global_colors_info=&#8221;{}&#8221; custom_padding__hover=&#8221;|||&#8221;][et_pb_text _builder_version=&#8221;4.10.5&#8243; header_font=&#8221;Josefin Sans|700|||||||&#8221; header_font_size=&#8221;90px&#8221; header_line_height=&#8221;1.4em&#8221; header_2_font=&#8221;Josefin Sans||||on|on|||&#8221; header_2_text_color=&#8221;#FFFFFF&#8221; header_2_font_size=&#8221;32px&#8221; header_2_line_height=&#8221;1.4em&#8221; background_layout=&#8221;dark&#8221; animation_style=&#8221;slide&#8221; animation_direction=&#8221;right&#8221; animation_intensity_slide=&#8221;4%&#8221; header_font_size_tablet=&#8221;50px&#8221; header_font_size_phone=&#8221;32px&#8221; header_font_size_last_edited=&#8221;on|desktop&#8221; header_2_font_size_tablet=&#8221;&#8221; header_2_font_size_phone=&#8221;24px&#8221; header_2_font_size_last_edited=&#8221;on|phone&#8221; global_colors_info=&#8221;{}&#8221;]<\/p>\n<h1><\/h1>\n<h2>Natureza<\/h2>\n<p>[\/et_pb_text][\/et_pb_column][\/et_pb_row][\/et_pb_section][et_pb_section fb_built=&#8221;1&#8243; _builder_version=&#8221;4.10.5&#8243; _module_preset=&#8221;default&#8221;][et_pb_row column_structure=&#8221;1_2,1_2&#8243; admin_label=&#8221;Fila&#8221; _builder_version=&#8221;3.25&#8243; global_colors_info=&#8221;{}&#8221;][et_pb_column type=&#8221;1_2&#8243; _builder_version=&#8221;3.25&#8243; custom_padding=&#8221;|||&#8221; global_colors_info=&#8221;{}&#8221; custom_padding__hover=&#8221;|||&#8221;][et_pb_text _builder_version=&#8221;4.10.5&#8243; text_font_size=&#8221;16px&#8221; global_colors_info=&#8221;{}&#8221;]<\/p>\n<p class=\"p1\"><b>Fervenza do Escouridal<\/b><\/p>\n<p class=\"p1\">Unha das xoias da natureza que esconde o interior, adem\u00e1is ten o calificativo de ser unha das fervenzas m\u00e1is altas de Galicia. As augas do r\u00edo Guilfonso caen entre tobog\u00e1ns de rocha gran\u00edtica formando esta impresionante salto de auga duns 80m. Fai de l\u00edmite xeogr\u00e1fico entre os concellos de Alfoz e O Valadouro e at\u00f3pase na falda da Serra do Xistral.<\/p>\n<p>[\/et_pb_text][\/et_pb_column][et_pb_column type=&#8221;1_2&#8243; _builder_version=&#8221;3.25&#8243; custom_padding=&#8221;|||&#8221; global_colors_info=&#8221;{}&#8221; custom_padding__hover=&#8221;|||&#8221;][et_pb_gallery gallery_ids=&#8221;1096&#8243; _builder_version=&#8221;4.10.5&#8243; _module_preset=&#8221;default&#8221; animation_style=&#8221;slide&#8221; animation_direction=&#8221;right&#8221; hover_enabled=&#8221;0&#8243; global_colors_info=&#8221;{}&#8221; fullwidth=&#8221;on&#8221; sticky_enabled=&#8221;0&#8243;][\/et_pb_gallery][\/et_pb_column][\/et_pb_row][et_pb_row column_structure=&#8221;1_2,1_2&#8243; admin_label=&#8221;Fila&#8221; _builder_version=&#8221;3.25&#8243; global_colors_info=&#8221;{}&#8221;][et_pb_column type=&#8221;1_2&#8243; _builder_version=&#8221;3.25&#8243; custom_padding=&#8221;|||&#8221; global_colors_info=&#8221;{}&#8221; custom_padding__hover=&#8221;|||&#8221;][et_pb_text _builder_version=&#8221;4.10.5&#8243; text_font_size=&#8221;16px&#8221; global_colors_info=&#8221;{}&#8221;]<\/p>\n<p class=\"p1\"><b>Fervenza da Torez<\/b><\/p>\n<p class=\"p1\">Situada na parroquia de Santo Tom\u00e9 e provinte do rego do Penido Novo. Un mundo de auga, fentos e ra\u00edces de \u00e1rbores que caen ao precipicio formado por rocha pura.<\/p>\n<p>[\/et_pb_text][\/et_pb_column][et_pb_column type=&#8221;1_2&#8243; _builder_version=&#8221;3.25&#8243; custom_padding=&#8221;|||&#8221; global_colors_info=&#8221;{}&#8221; custom_padding__hover=&#8221;|||&#8221;][et_pb_gallery gallery_ids=&#8221;1098&#8243; _builder_version=&#8221;4.10.5&#8243; _module_preset=&#8221;default&#8221; animation_style=&#8221;slide&#8221; animation_direction=&#8221;right&#8221; hover_enabled=&#8221;0&#8243; global_colors_info=&#8221;{}&#8221; fullwidth=&#8221;on&#8221; sticky_enabled=&#8221;0&#8243;][\/et_pb_gallery][\/et_pb_column][\/et_pb_row][et_pb_row column_structure=&#8221;1_2,1_2&#8243; admin_label=&#8221;Fila&#8221; _builder_version=&#8221;3.25&#8243; global_colors_info=&#8221;{}&#8221;][et_pb_column type=&#8221;1_2&#8243; _builder_version=&#8221;3.25&#8243; custom_padding=&#8221;|||&#8221; global_colors_info=&#8221;{}&#8221; custom_padding__hover=&#8221;|||&#8221;][et_pb_text _builder_version=&#8221;4.10.5&#8243; text_font_size=&#8221;16px&#8221; global_colors_info=&#8221;{}&#8221;]<\/p>\n<p class=\"p1\"><b>Pozo da Onza<\/b><\/p>\n<p class=\"p1\">O rego de Valdeinfernos ou Val dos Infernos, que nace moi pr\u00f3ximo \u00e1 Serra do Xistral, creou esta marabilla natural de m\u00e1is de 15m de altura. Aos seus p\u00e9s f\u00f3rmase un magn\u00edfico remanso de auga en forma de poza.<\/p>\n<p>[\/et_pb_text][\/et_pb_column][et_pb_column type=&#8221;1_2&#8243; _builder_version=&#8221;3.25&#8243; custom_padding=&#8221;|||&#8221; global_colors_info=&#8221;{}&#8221; custom_padding__hover=&#8221;|||&#8221;][et_pb_gallery gallery_ids=&#8221;1100&#8243; _builder_version=&#8221;4.10.5&#8243; _module_preset=&#8221;default&#8221; animation_style=&#8221;slide&#8221; animation_direction=&#8221;right&#8221; hover_enabled=&#8221;0&#8243; global_colors_info=&#8221;{}&#8221; fullwidth=&#8221;on&#8221; sticky_enabled=&#8221;0&#8243;][\/et_pb_gallery][\/et_pb_column][\/et_pb_row][et_pb_row column_structure=&#8221;1_2,1_2&#8243; admin_label=&#8221;Fila&#8221; _builder_version=&#8221;3.25&#8243; global_colors_info=&#8221;{}&#8221;][et_pb_column type=&#8221;1_2&#8243; _builder_version=&#8221;3.25&#8243; custom_padding=&#8221;|||&#8221; global_colors_info=&#8221;{}&#8221; custom_padding__hover=&#8221;|||&#8221;][et_pb_text _builder_version=&#8221;4.10.5&#8243; text_font_size=&#8221;16px&#8221; global_colors_info=&#8221;{}&#8221;]<\/p>\n<p class=\"p1\"><b>Serra do Xistral<\/b><\/p>\n<p class=\"p1\">\u00c9 un espazo reco\u00f1ecido como Zona de Especial Protecci\u00f3n dos Valores Naturais polo seu interese natural e paisax\u00edstico. Cunha extensi\u00f3n de 22,964 ha aproximadamente, est\u00e1 ubicada na Reserva da Biosfera \u201cTerras do Mi\u00f1o\u201d e \u00e9 unha Zona de Especial Conservaci\u00f3n (ZEC) da Rede Natura 2000 que comprende h\u00e1bitats de gran valor e unha gran diversidade de fauna e flora. Dende al\u00ed poden observarse unhas impresionantes vistas que abranguen dende as costas de Galicia e Asturias \u00e1s innumerables monta\u00f1as do interior. O Pico do Cadram\u00f3n, \u00e9 a monta\u00f1a m\u00e1is alta da Serra do Xistral, con 1056 m de altura.<\/p>\n<p>[\/et_pb_text][\/et_pb_column][et_pb_column type=&#8221;1_2&#8243; _builder_version=&#8221;3.25&#8243; custom_padding=&#8221;|||&#8221; global_colors_info=&#8221;{}&#8221; custom_padding__hover=&#8221;|||&#8221;][et_pb_gallery gallery_ids=&#8221;1102,1109&#8243; _builder_version=&#8221;4.10.5&#8243; _module_preset=&#8221;default&#8221; animation_style=&#8221;slide&#8221; animation_direction=&#8221;right&#8221; hover_enabled=&#8221;0&#8243; global_colors_info=&#8221;{}&#8221; fullwidth=&#8221;on&#8221; sticky_enabled=&#8221;0&#8243;][\/et_pb_gallery][\/et_pb_column][\/et_pb_row][et_pb_row column_structure=&#8221;1_2,1_2&#8243; admin_label=&#8221;Fila&#8221; _builder_version=&#8221;3.25&#8243; global_colors_info=&#8221;{}&#8221;][et_pb_column type=&#8221;1_2&#8243; _builder_version=&#8221;3.25&#8243; custom_padding=&#8221;|||&#8221; global_colors_info=&#8221;{}&#8221; custom_padding__hover=&#8221;|||&#8221;][et_pb_text _builder_version=&#8221;4.10.5&#8243; text_font_size=&#8221;16px&#8221; global_colors_info=&#8221;{}&#8221;]<\/p>\n<p class=\"p1\"><b>Fraga da Furna<\/b><\/p>\n<p class=\"p1\">Localizada na Serra do Xistral (O Cadram\u00f3n), \u00e9 unha das mellor conservadas do norte de Galicia, debido \u00e1 s\u00faa localizaci\u00f3n nun entorno pouco frecuentado. Destaca a s\u00faa riqueza paisax\u00edstica onde predominan os acevos. Dise que as pedras que inundan esta fraga puideran ser o rastro dun antigo glaciar.<\/p>\n<p>[\/et_pb_text][\/et_pb_column][et_pb_column type=&#8221;1_2&#8243; _builder_version=&#8221;3.25&#8243; custom_padding=&#8221;|||&#8221; global_colors_info=&#8221;{}&#8221; custom_padding__hover=&#8221;|||&#8221;][et_pb_gallery gallery_ids=&#8221;1105,1107&#8243; _builder_version=&#8221;4.10.5&#8243; _module_preset=&#8221;default&#8221; animation_style=&#8221;slide&#8221; animation_direction=&#8221;right&#8221; hover_enabled=&#8221;0&#8243; global_colors_info=&#8221;{}&#8221; fullwidth=&#8221;on&#8221; sticky_enabled=&#8221;0&#8243;][\/et_pb_gallery][\/et_pb_column][\/et_pb_row][et_pb_row column_structure=&#8221;1_2,1_2&#8243; admin_label=&#8221;Fila&#8221; _builder_version=&#8221;3.25&#8243; global_colors_info=&#8221;{}&#8221;][et_pb_column type=&#8221;1_2&#8243; _builder_version=&#8221;3.25&#8243; custom_padding=&#8221;|||&#8221; global_colors_info=&#8221;{}&#8221; custom_padding__hover=&#8221;|||&#8221;][et_pb_text _builder_version=&#8221;4.10.5&#8243; text_font_size=&#8221;16px&#8221; global_colors_info=&#8221;{}&#8221;]<\/p>\n<p class=\"p1\"><b>Fraga das Lerias<\/b><\/p>\n<p class=\"p1\">Situada entre as parroquias de Frexulfe e O Cadram\u00f3n, conserva toda a intensidade das fragas t\u00edpicas de Galicia. Nela abundan carballos, \u00e1rbores aut\u00f3ctonas e regatos.\u00a0<\/p>\n<p>[\/et_pb_text][\/et_pb_column][et_pb_column type=&#8221;1_2&#8243; _builder_version=&#8221;3.25&#8243; custom_padding=&#8221;|||&#8221; global_colors_info=&#8221;{}&#8221; custom_padding__hover=&#8221;|||&#8221;][et_pb_gallery gallery_ids=&#8221;1111&#8243; _builder_version=&#8221;4.10.5&#8243; _module_preset=&#8221;default&#8221; animation_style=&#8221;slide&#8221; animation_direction=&#8221;right&#8221; hover_enabled=&#8221;0&#8243; global_colors_info=&#8221;{}&#8221; fullwidth=&#8221;on&#8221; sticky_enabled=&#8221;0&#8243;][\/et_pb_gallery][\/et_pb_column][\/et_pb_row][\/et_pb_section][et_pb_section fb_built=&#8221;1&#8243; _builder_version=&#8221;4.10.5&#8243; _module_preset=&#8221;default&#8221;][et_pb_row _builder_version=&#8221;4.10.5&#8243; _module_preset=&#8221;default&#8221;][et_pb_column _builder_version=&#8221;4.10.5&#8243; _module_preset=&#8221;default&#8221; type=&#8221;4_4&#8243;][et_pb_social_media_follow _builder_version=&#8221;4.10.5&#8243; text_orientation=&#8221;center&#8221; global_colors_info=&#8221;{}&#8221; global_module=&#8221;1242&#8243;][et_pb_social_media_follow_network social_network=&#8221;facebook&#8221; url=&#8221;https:\/\/es-es.facebook.com\/concellodovaladouro\/&#8221; _builder_version=&#8221;4.10.5&#8243; background_color=&#8221;#3b5998&#8243; global_colors_info=&#8221;{}&#8221; follow_button=&#8221;off&#8221; url_new_window=&#8221;on&#8221;]facebook[\/et_pb_social_media_follow_network][et_pb_social_media_follow_network social_network=&#8221;youtube&#8221; url=&#8221;https:\/\/www.youtube.com\/channel\/UCM4sdt5hbHpJBK9Z9Z3VFkw&#8221; _builder_version=&#8221;4.10.5&#8243; background_color=&#8221;#a82400&#8243; global_colors_info=&#8221;{}&#8221; follow_button=&#8221;off&#8221; url_new_window=&#8221;on&#8221;]youtube[\/et_pb_social_media_follow_network][et_pb_social_media_follow_network social_network=&#8221;instagram&#8221; url=&#8221;https:\/\/www.instagram.com\/concellodovaladouro\/?hl=es&#8221; _builder_version=&#8221;4.10.5&#8243; _module_preset=&#8221;default&#8221; background_color=&#8221;#ea2c59&#8243; global_colors_info=&#8221;{}&#8221; follow_button=&#8221;off&#8221; url_new_window=&#8221;on&#8221;]instagram[\/et_pb_social_media_follow_network][\/et_pb_social_media_follow][\/et_pb_column][\/et_pb_row][\/et_pb_section][et_pb_section fb_built=&#8221;1&#8243; _builder_version=&#8221;3.22&#8243; custom_padding=&#8221;0|0px|0|0px|false|false&#8221; global_colors_info=&#8221;{}&#8221; global_module=&#8221;1406&#8243;][et_pb_row column_structure=&#8221;1_8,1_8,1_8,1_8,1_8,1_8,1_8,1_8&#8243; use_custom_gutter=&#8221;on&#8221; _builder_version=&#8221;3.25&#8243; max_width=&#8221;1546px&#8221; use_custom_width=&#8221;on&#8221; custom_width_px=&#8221;1546px&#8221; global_colors_info=&#8221;{}&#8221;][et_pb_column type=&#8221;1_8&#8243; _builder_version=&#8221;3.25&#8243; custom_padding=&#8221;|||&#8221; global_colors_info=&#8221;{}&#8221; custom_padding__hover=&#8221;|||&#8221;][et_pb_blurb title=&#8221;Concello&#8221; url=&#8221;https:\/\/www.valadouro.gal\/inicio\/&#8221; image=&#8221;https:\/\/turismo.valadouro.org\/wp-content\/uploads\/2018\/08\/concello.png&#8221; image_max_width=&#8221;69%&#8221; _builder_version=&#8221;4.10.5&#8243; text_orientation=&#8221;center&#8221; filter_hue_rotate=&#8221;128deg&#8221; filter_saturate=&#8221;51%&#8221; filter_invert=&#8221;62%&#8221; global_colors_info=&#8221;{}&#8221;][\/et_pb_blurb][\/et_pb_column][et_pb_column type=&#8221;1_8&#8243; _builder_version=&#8221;3.25&#8243; custom_padding=&#8221;|||&#8221; global_colors_info=&#8221;{}&#8221; custom_padding__hover=&#8221;|||&#8221;][et_pb_blurb title=&#8221;Onde Informarse&#8221; url=&#8221;https:\/\/turismo.valadouro.gal\/gl\/onde-informarse\/&#8221; image=&#8221;https:\/\/turismo.valadouro.gal\/wp-content\/uploads\/2021\/09\/donde-informarse.png&#8221; image_max_width=&#8221;69%&#8221; _builder_version=&#8221;4.10.5&#8243; text_orientation=&#8221;center&#8221; filter_hue_rotate=&#8221;128deg&#8221; filter_saturate=&#8221;51%&#8221; filter_invert=&#8221;62%&#8221; global_colors_info=&#8221;{}&#8221;][\/et_pb_blurb][\/et_pb_column][et_pb_column type=&#8221;1_8&#8243; _builder_version=&#8221;3.25&#8243; custom_padding=&#8221;|||&#8221; global_colors_info=&#8221;{}&#8221; custom_padding__hover=&#8221;|||&#8221;][et_pb_blurb title=&#8221;Festas&#8221; url=&#8221;https:\/\/turismo.valadouro.gal\/gl\/festas\/&#8221; image=&#8221;https:\/\/turismo.valadouro.org\/wp-content\/uploads\/2018\/08\/fiestas.png&#8221; image_max_width=&#8221;69%&#8221; _builder_version=&#8221;4.10.5&#8243; text_orientation=&#8221;center&#8221; filter_hue_rotate=&#8221;128deg&#8221; filter_saturate=&#8221;51%&#8221; filter_invert=&#8221;62%&#8221; global_colors_info=&#8221;{}&#8221;][\/et_pb_blurb][\/et_pb_column][et_pb_column type=&#8221;1_8&#8243; _builder_version=&#8221;3.25&#8243; custom_padding=&#8221;|||&#8221; global_colors_info=&#8221;{}&#8221; custom_padding__hover=&#8221;|||&#8221;][et_pb_blurb title=&#8221;Restauraci\u00f3n&#8221; url=&#8221;https:\/\/turismo.valadouro.gal\/gl\/restauracion\/&#8221; image=&#8221;https:\/\/turismo.valadouro.org\/wp-content\/uploads\/2018\/08\/restauracion.png&#8221; image_max_width=&#8221;69%&#8221; _builder_version=&#8221;4.10.5&#8243; text_orientation=&#8221;center&#8221; filter_hue_rotate=&#8221;128deg&#8221; filter_saturate=&#8221;51%&#8221; filter_invert=&#8221;62%&#8221; global_colors_info=&#8221;{}&#8221;][\/et_pb_blurb][\/et_pb_column][et_pb_column type=&#8221;1_8&#8243; _builder_version=&#8221;3.25&#8243; custom_padding=&#8221;|||&#8221; global_colors_info=&#8221;{}&#8221; custom_padding__hover=&#8221;|||&#8221;][et_pb_blurb title=&#8221;Aloxamento&#8221; url=&#8221;https:\/\/turismo.valadouro.gal\/gl\/aloxamento\/&#8221; image=&#8221;https:\/\/turismo.valadouro.org\/wp-content\/uploads\/2018\/08\/alojanientos.png&#8221; image_max_width=&#8221;69%&#8221; _builder_version=&#8221;4.10.5&#8243; text_orientation=&#8221;center&#8221; filter_hue_rotate=&#8221;128deg&#8221; filter_saturate=&#8221;51%&#8221; filter_invert=&#8221;62%&#8221; global_colors_info=&#8221;{}&#8221;][\/et_pb_blurb][\/et_pb_column][et_pb_column type=&#8221;1_8&#8243; _builder_version=&#8221;3.25&#8243; custom_padding=&#8221;|||&#8221; global_colors_info=&#8221;{}&#8221; custom_padding__hover=&#8221;|||&#8221;][et_pb_blurb title=&#8221;Senderismo&#8221; url=&#8221;https:\/\/es.wikiloc.com\/wikiloc\/user.do?id=8370125&#8243; url_new_window=&#8221;on&#8221; image=&#8221;https:\/\/turismo.valadouro.org\/wp-content\/uploads\/2018\/08\/senderismo.png&#8221; image_max_width=&#8221;69%&#8221; _builder_version=&#8221;3.21&#8243; text_orientation=&#8221;center&#8221; filter_hue_rotate=&#8221;128deg&#8221; filter_saturate=&#8221;51%&#8221; filter_invert=&#8221;62%&#8221; global_colors_info=&#8221;{}&#8221;][\/et_pb_blurb][\/et_pb_column][et_pb_column type=&#8221;1_8&#8243; _builder_version=&#8221;3.25&#8243; custom_padding=&#8221;|||&#8221; global_colors_info=&#8221;{}&#8221; custom_padding__hover=&#8221;|||&#8221;][et_pb_blurb title=&#8221;Rueiro&#8221; url=&#8221;https:\/\/turismo.valadouro.gal\/gl\/rueiro\/&#8221; image=&#8221;https:\/\/turismo.valadouro.org\/wp-content\/uploads\/2018\/08\/historia2.png&#8221; image_max_width=&#8221;69%&#8221; _builder_version=&#8221;4.10.5&#8243; text_orientation=&#8221;center&#8221; filter_hue_rotate=&#8221;128deg&#8221; filter_saturate=&#8221;51%&#8221; filter_invert=&#8221;62%&#8221; global_colors_info=&#8221;{}&#8221;][\/et_pb_blurb][\/et_pb_column][et_pb_column type=&#8221;1_8&#8243; _builder_version=&#8221;3.25&#8243; custom_padding=&#8221;|||&#8221; global_colors_info=&#8221;{}&#8221; custom_padding__hover=&#8221;|||&#8221;][et_pb_blurb title=&#8221;Mapa Gis&#8221; url=&#8221;https:\/\/valadouro.gal\/GIS&#8221; image=&#8221;https:\/\/turismo.valadouro.org\/wp-content\/uploads\/2018\/08\/gis.png&#8221; image_max_width=&#8221;69%&#8221; _builder_version=&#8221;4.10.5&#8243; text_orientation=&#8221;center&#8221; filter_hue_rotate=&#8221;128deg&#8221; filter_saturate=&#8221;51%&#8221; filter_invert=&#8221;62%&#8221; global_colors_info=&#8221;{}&#8221;][\/et_pb_blurb][\/et_pb_column][\/et_pb_row][et_pb_row column_structure=&#8221;1_6,1_6,1_6,1_6,1_6,1_6&#8243; use_custom_gutter=&#8221;on&#8221; _builder_version=&#8221;3.25&#8243; max_width=&#8221;1546px&#8221; use_custom_width=&#8221;on&#8221; custom_width_px=&#8221;1546px&#8221; global_colors_info=&#8221;{}&#8221;][et_pb_column type=&#8221;1_6&#8243; _builder_version=&#8221;3.25&#8243; custom_padding=&#8221;|||&#8221; global_colors_info=&#8221;{}&#8221; custom_padding__hover=&#8221;|||&#8221;][et_pb_blurb title=&#8221; Un Destino 4 Estaci\u00f3ns&#8221; url=&#8221;https:\/\/turismo.valadouro.gal\/gl\/&#8221; image=&#8221;https:\/\/turismo.valadouro.org\/wp-content\/uploads\/2018\/08\/vive1.png&#8221; image_max_width=&#8221;69%&#8221; _builder_version=&#8221;4.10.5&#8243; text_orientation=&#8221;center&#8221; filter_hue_rotate=&#8221;128deg&#8221; filter_saturate=&#8221;51%&#8221; filter_invert=&#8221;62%&#8221; global_colors_info=&#8221;{}&#8221;][\/et_pb_blurb][\/et_pb_column][et_pb_column type=&#8221;1_6&#8243; _builder_version=&#8221;3.25&#8243; custom_padding=&#8221;|||&#8221; global_colors_info=&#8221;{}&#8221; custom_padding__hover=&#8221;|||&#8221;][et_pb_blurb title=&#8221;Natureza&#8221; url=&#8221;https:\/\/turismo.valadouro.gal\/gl\/natureza\/&#8221; image=&#8221;https:\/\/turismo.valadouro.gal\/wp-content\/uploads\/2021\/09\/naturaleza.png&#8221; image_max_width=&#8221;69%&#8221; _builder_version=&#8221;4.10.5&#8243; text_orientation=&#8221;center&#8221; filter_hue_rotate=&#8221;128deg&#8221; filter_saturate=&#8221;51%&#8221; filter_invert=&#8221;62%&#8221; global_colors_info=&#8221;{}&#8221;][\/et_pb_blurb][\/et_pb_column][et_pb_column type=&#8221;1_6&#8243; _builder_version=&#8221;3.25&#8243; custom_padding=&#8221;|||&#8221; global_colors_info=&#8221;{}&#8221; custom_padding__hover=&#8221;|||&#8221;][et_pb_blurb title=&#8221;Igrexas e pazos&#8221; url=&#8221;https:\/\/turismo.valadouro.gal\/gl\/igrexas-e-pazos\/&#8221; image=&#8221;https:\/\/turismo.valadouro.gal\/wp-content\/uploads\/2021\/09\/iglesia.png&#8221; image_max_width=&#8221;69%&#8221; _builder_version=&#8221;4.10.5&#8243; text_orientation=&#8221;center&#8221; filter_hue_rotate=&#8221;128deg&#8221; filter_saturate=&#8221;51%&#8221; filter_invert=&#8221;62%&#8221; global_colors_info=&#8221;{}&#8221;][\/et_pb_blurb][\/et_pb_column][et_pb_column type=&#8221;1_6&#8243; _builder_version=&#8221;3.25&#8243; custom_padding=&#8221;|||&#8221; global_colors_info=&#8221;{}&#8221; custom_padding__hover=&#8221;|||&#8221;][et_pb_blurb title=&#8221;Museo&#8221; url=&#8221;https:\/\/turismo.valadouro.gal\/gl\/museo\/&#8221; image=&#8221;https:\/\/turismo.valadouro.gal\/wp-content\/uploads\/2021\/09\/museo-1.png&#8221; image_max_width=&#8221;69%&#8221; _builder_version=&#8221;4.10.5&#8243; text_orientation=&#8221;center&#8221; filter_hue_rotate=&#8221;128deg&#8221; filter_saturate=&#8221;51%&#8221; filter_invert=&#8221;62%&#8221; global_colors_info=&#8221;{}&#8221;][\/et_pb_blurb][\/et_pb_column][et_pb_column type=&#8221;1_6&#8243; _builder_version=&#8221;3.25&#8243; custom_padding=&#8221;|||&#8221; global_colors_info=&#8221;{}&#8221; custom_padding__hover=&#8221;|||&#8221;][et_pb_blurb title=&#8221;Cultura&#8221; url=&#8221;https:\/\/turismo.valadouro.gal\/gl\/patrimonio-cultural\/&#8221; image=&#8221;https:\/\/turismo.valadouro.gal\/wp-content\/uploads\/2021\/09\/cultura.png&#8221; image_max_width=&#8221;69%&#8221; _builder_version=&#8221;4.10.5&#8243; text_orientation=&#8221;center&#8221; filter_hue_rotate=&#8221;128deg&#8221; filter_saturate=&#8221;51%&#8221; filter_invert=&#8221;62%&#8221; global_colors_info=&#8221;{}&#8221;][\/et_pb_blurb][\/et_pb_column][et_pb_column type=&#8221;1_6&#8243; _builder_version=&#8221;3.25&#8243; custom_padding=&#8221;|||&#8221; global_colors_info=&#8221;{}&#8221; custom_padding__hover=&#8221;|||&#8221;][et_pb_blurb title=&#8221;Historia&#8221; url=&#8221;https:\/\/turismo.valadouro.gal\/gl\/historia\/&#8221; image=&#8221;https:\/\/turismo.valadouro.gal\/wp-content\/uploads\/2021\/09\/historia.png&#8221; image_max_width=&#8221;69%&#8221; _builder_version=&#8221;4.10.5&#8243; text_orientation=&#8221;center&#8221; filter_hue_rotate=&#8221;128deg&#8221; filter_saturate=&#8221;51%&#8221; filter_invert=&#8221;62%&#8221; global_colors_info=&#8221;{}&#8221;][\/et_pb_blurb][\/et_pb_column][\/et_pb_row][\/et_pb_section][et_pb_section fb_built=&#8221;1&#8243; admin_label=&#8221;Hero&#8221; _builder_version=&#8221;3.22&#8243; background_color_gradient_direction=&#8221;70deg&#8221; background_size=&#8221;initial&#8221; background_video_height=&#8221;1080&#8243; custom_margin=&#8221;||0%|&#8221; custom_padding=&#8221;0||154px||false|false&#8221; top_divider_color=&#8221;rgba(42,81,12,0.65)&#8221; top_divider_height=&#8221;145px&#8221; top_divider_arrangement=&#8221;above_content&#8221; bottom_divider_style=&#8221;curve2&#8243; bottom_divider_color=&#8221;#415905&#8243; bottom_divider_height=&#8221;14vw&#8221; bottom_divider_repeat=&#8221;0.5x&#8221; bottom_divider_flip=&#8221;horizontal&#8221; global_colors_info=&#8221;{}&#8221;][et_pb_row _builder_version=&#8221;3.25&#8243; custom_margin=&#8221;|||&#8221; custom_padding=&#8221;0|0px|0|0px|false|false&#8221; global_colors_info=&#8221;{}&#8221;][et_pb_column type=&#8221;4_4&#8243; _builder_version=&#8221;3.25&#8243; custom_padding=&#8221;|||&#8221; global_colors_info=&#8221;{}&#8221; custom_padding__hover=&#8221;|||&#8221;][et_pb_image src=&#8221;https:\/\/turismo.valadouro.org\/wp-content\/uploads\/2018\/09\/logo-o-valadouro.png&#8221; align=&#8221;center&#8221; align_tablet=&#8221;center&#8221; align_phone=&#8221;&#8221; align_last_edited=&#8221;on|desktop&#8221; _builder_version=&#8221;3.23&#8243; max_width=&#8221;23%&#8221; global_colors_info=&#8221;{}&#8221;]<\/p>\n<p>[\/et_pb_image][\/et_pb_column][\/et_pb_row][\/et_pb_section]<\/p>\n","protected":false},"excerpt":{"rendered":"<p>NaturezaFervenza do Escouridal Unha das xoias da natureza que esconde o interior, adem\u00e1is ten o calificativo de ser unha das fervenzas m\u00e1is altas de Galicia. As augas do r\u00edo Guilfonso caen entre tobog\u00e1ns de rocha gran\u00edtica formando esta impresionante salto de auga duns 80m. Fai de l\u00edmite xeogr\u00e1fico entre os concellos de Alfoz e O [&hellip;]<\/p>\n","protected":false},"author":3,"featured_media":0,"parent":0,"menu_order":0,"comment_status":"closed","ping_status":"closed","template":"","meta":{"_et_pb_use_builder":"on","_et_pb_old_content":"","_et_gb_content_width":"","footnotes":""},"class_list":["post-1091","page","type-page","status-publish","hentry"],"_links":{"self":[{"href":"https:\/\/turismo.valadouro.gal\/gl\/wp-json\/wp\/v2\/pages\/1091\/"}],"collection":[{"href":"https:\/\/turismo.valadouro.gal\/gl\/wp-json\/wp\/v2\/pages\/"}],"about":[{"href":"https:\/\/turismo.valadouro.gal\/gl\/wp-json\/wp\/v2\/types\/page\/"}],"author":[{"embeddable":true,"href":"https:\/\/turismo.valadouro.gal\/gl\/wp-json\/wp\/v2\/users\/3\/"}],"replies":[{"embeddable":true,"href":"https:\/\/turismo.valadouro.gal\/gl\/wp-json\/wp\/v2\/comments\/?post=1091"}],"version-history":[{"count":5,"href":"https:\/\/turismo.valadouro.gal\/gl\/wp-json\/wp\/v2\/pages\/1091\/revisions\/"}],"predecessor-version":[{"id":1412,"href":"https:\/\/turismo.valadouro.gal\/gl\/wp-json\/wp\/v2\/pages\/1091\/revisions\/1412\/"}],"wp:attachment":[{"href":"https:\/\/turismo.valadouro.gal\/gl\/wp-json\/wp\/v2\/media\/?parent=1091"}],"curies":[{"name":"wp","href":"https:\/\/api.w.org\/{rel}","templated":true}]}}