{"id":1120,"date":"2021-09-02T10:53:11","date_gmt":"2021-09-02T10:53:11","guid":{"rendered":"https:\/\/turismo.valadouro.gal\/?page_id=1120"},"modified":"2021-09-14T10:22:56","modified_gmt":"2021-09-14T10:22:56","slug":"patrimonio-cultural","status":"publish","type":"page","link":"https:\/\/turismo.valadouro.gal\/gl\/patrimonio-cultural\/","title":{"rendered":"Patrimonio Cultural"},"content":{"rendered":"<p>[et_pb_section fb_built=&#8221;1&#8243; admin_label=&#8221;Hero&#8221; _builder_version=&#8221;4.10.5&#8243; background_color_gradient_direction=&#8221;70deg&#8221; background_image=&#8221;https:\/\/turismo.valadouro.gal\/wp-content\/uploads\/2021\/09\/Curro-de-Santo-Tome\u0301.jpg&#8221; background_video_height=&#8221;1080&#8243; custom_margin=&#8221;||0%|&#8221; custom_padding=&#8221;0vw||0||false|false&#8221; top_divider_style=&#8221;wave2&#8243; top_divider_color=&#8221;rgba(109,100,0,0.56&#8243; top_divider_height=&#8221;140px&#8221; top_divider_arrangement=&#8221;above_content&#8221; bottom_divider_color=&#8221;rgba(12,113,195,0.85)&#8221; bottom_divider_height=&#8221;14vw&#8221; bottom_divider_repeat=&#8221;0.5x&#8221; bottom_divider_flip=&#8221;horizontal&#8221; box_shadow_style=&#8221;preset3&#8243; global_colors_info=&#8221;{}&#8221;][et_pb_row _builder_version=&#8221;3.25&#8243; custom_margin=&#8221;|||&#8221; custom_padding=&#8221;27px|0px|300px|0px&#8221; global_colors_info=&#8221;{}&#8221;][et_pb_column type=&#8221;4_4&#8243; _builder_version=&#8221;3.25&#8243; custom_padding=&#8221;|||&#8221; global_colors_info=&#8221;{}&#8221; custom_padding__hover=&#8221;|||&#8221;][et_pb_text _builder_version=&#8221;4.10.5&#8243; header_font=&#8221;Josefin Sans|700|||||||&#8221; header_font_size=&#8221;90px&#8221; header_line_height=&#8221;1.4em&#8221; header_2_font=&#8221;Josefin Sans||||on|on|||&#8221; header_2_text_color=&#8221;#FFFFFF&#8221; header_2_font_size=&#8221;32px&#8221; header_2_line_height=&#8221;1.4em&#8221; background_layout=&#8221;dark&#8221; animation_style=&#8221;slide&#8221; animation_direction=&#8221;right&#8221; animation_intensity_slide=&#8221;4%&#8221; header_font_size_tablet=&#8221;50px&#8221; header_font_size_phone=&#8221;32px&#8221; header_font_size_last_edited=&#8221;on|desktop&#8221; header_2_font_size_tablet=&#8221;&#8221; header_2_font_size_phone=&#8221;24px&#8221; header_2_font_size_last_edited=&#8221;on|phone&#8221; global_colors_info=&#8221;{}&#8221;]<\/p>\n<h1><\/h1>\n<h2>Patrimonio Cultural<\/h2>\n<p>[\/et_pb_text][\/et_pb_column][\/et_pb_row][\/et_pb_section][et_pb_section fb_built=&#8221;1&#8243; _builder_version=&#8221;4.10.5&#8243; _module_preset=&#8221;default&#8221; global_colors_info=&#8221;{}&#8221;][et_pb_row column_structure=&#8221;1_2,1_2&#8243; admin_label=&#8221;Fila&#8221; _builder_version=&#8221;3.25&#8243; global_colors_info=&#8221;{}&#8221;][et_pb_column type=&#8221;1_2&#8243; _builder_version=&#8221;3.25&#8243; custom_padding=&#8221;|||&#8221; global_colors_info=&#8221;{}&#8221; custom_padding__hover=&#8221;|||&#8221;][et_pb_text _builder_version=&#8221;4.10.5&#8243; text_font_size=&#8221;16px&#8221; global_colors_info=&#8221;{}&#8221;]<\/p>\n<p class=\"p1\"><b>Dolmen de Santo Tom\u00e9<\/b><\/p>\n<p class=\"p1\">Tam\u00e9n co\u00f1ecido como Arca de Padorno, ub\u00edcase pr\u00f3ximo ao enclave onde se celebra a tradicional Rapa das Bestas no mes de agosto. Tr\u00e1tase dunha construcci\u00f3n funeraria semienterrada que est\u00e1 formada por catro lousas verticais e unha de cobertura, en cuxo interior atop\u00e1ronse 20 fragmentos de cer\u00e1mica lisa e unha lasca de cuarzo. No seu interior tam\u00e9n habita un musgo luminiscente en cor verde esmeralda co\u00f1ecido como \u201couro de duende\u201d que habita en escasos lugares da Pen\u00ednsula Ib\u00e9rica.<\/p>\n<p>[\/et_pb_text][\/et_pb_column][et_pb_column type=&#8221;1_2&#8243; _builder_version=&#8221;3.25&#8243; custom_padding=&#8221;|||&#8221; global_colors_info=&#8221;{}&#8221; custom_padding__hover=&#8221;|||&#8221;][et_pb_gallery gallery_ids=&#8221;1123&#8243; _builder_version=&#8221;4.10.5&#8243; _module_preset=&#8221;default&#8221; animation_style=&#8221;slide&#8221; animation_direction=&#8221;right&#8221; hover_enabled=&#8221;0&#8243; global_colors_info=&#8221;{}&#8221; fullwidth=&#8221;on&#8221; sticky_enabled=&#8221;0&#8243;][\/et_pb_gallery][\/et_pb_column][\/et_pb_row][et_pb_row column_structure=&#8221;1_2,1_2&#8243; admin_label=&#8221;Fila&#8221; _builder_version=&#8221;3.25&#8243; global_colors_info=&#8221;{}&#8221;][et_pb_column type=&#8221;1_2&#8243; _builder_version=&#8221;3.25&#8243; custom_padding=&#8221;|||&#8221; global_colors_info=&#8221;{}&#8221; custom_padding__hover=&#8221;|||&#8221;][et_pb_text _builder_version=&#8221;4.10.5&#8243; text_font_size=&#8221;16px&#8221; global_colors_info=&#8221;{}&#8221;]<\/p>\n<p class=\"p1\"><b>Curro de Santo Tom\u00e9<\/b><\/p>\n<p class=\"p1\">O Curro de Santo Tom\u00e9 \u00e9 un recinto pechado de madeira onde se leva a cabo a tradicional Rapa das Bestas. Unha festa cultural e tur\u00edstica que ten lugar o primeiro domingo do mes de agosto e que consiste en xuntar os cabalos e eguas que pastan libremente polas zonas altas para o seu marcaxe e corte de crins. Esta festividade cel\u00e9brase neste curro dende o ano 1986, ano no que foi constru\u00eddo. Antigamente fac\u00edase no Curro de Sabucedo, preto do actual, e existen indicios de que xa se celebraba al\u00ed nos anos 70 ao p\u00e9 da casa de Sabucedo.<\/p>\n<p>[\/et_pb_text][\/et_pb_column][et_pb_column type=&#8221;1_2&#8243; _builder_version=&#8221;3.25&#8243; custom_padding=&#8221;|||&#8221; global_colors_info=&#8221;{}&#8221; custom_padding__hover=&#8221;|||&#8221;][et_pb_gallery gallery_ids=&#8221;1125&#8243; _builder_version=&#8221;4.10.5&#8243; _module_preset=&#8221;default&#8221; animation_style=&#8221;slide&#8221; animation_direction=&#8221;right&#8221; hover_enabled=&#8221;0&#8243; global_colors_info=&#8221;{}&#8221; fullwidth=&#8221;on&#8221; sticky_enabled=&#8221;0&#8243;][\/et_pb_gallery][\/et_pb_column][\/et_pb_row][et_pb_row column_structure=&#8221;1_2,1_2&#8243; admin_label=&#8221;Fila&#8221; _builder_version=&#8221;3.25&#8243; global_colors_info=&#8221;{}&#8221;][et_pb_column type=&#8221;1_2&#8243; _builder_version=&#8221;3.25&#8243; custom_padding=&#8221;|||&#8221; global_colors_info=&#8221;{}&#8221; custom_padding__hover=&#8221;|||&#8221;][et_pb_text _builder_version=&#8221;4.10.5&#8243; text_font_size=&#8221;16px&#8221; global_colors_info=&#8221;{}&#8221;]<\/p>\n<p class=\"p1\"><b>Prado das Chantas<\/b><\/p>\n<p class=\"p1\">Tr\u00e1tase dun c\u00edrculo composto por 250 pedras gran\u00edticas que ocupan o per\u00edmetro ovalado de m\u00e1is de 300m e 7ha de campo. Non se puido establecer unha cronolox\u00eda exacta nin tampouco o seu uso orixinal. Algunhas das teor\u00edas que se barallan pasan por ser un escenario ceremonial celta, ou ben un cr\u00f3mlech ou c\u00edrculo l\u00edtico prehist\u00f3rico, a\u00ednda que tam\u00e9n se poder\u00eda falar dunha antiga construcci\u00f3n medieval para gardar o gando.<\/p>\n<p>[\/et_pb_text][\/et_pb_column][et_pb_column type=&#8221;1_2&#8243; _builder_version=&#8221;3.25&#8243; custom_padding=&#8221;|||&#8221; global_colors_info=&#8221;{}&#8221; custom_padding__hover=&#8221;|||&#8221;][et_pb_gallery gallery_ids=&#8221;1127&#8243; _builder_version=&#8221;4.10.5&#8243; _module_preset=&#8221;default&#8221; animation_style=&#8221;slide&#8221; animation_direction=&#8221;right&#8221; hover_enabled=&#8221;0&#8243; global_colors_info=&#8221;{}&#8221; fullwidth=&#8221;on&#8221; sticky_enabled=&#8221;0&#8243;][\/et_pb_gallery][\/et_pb_column][\/et_pb_row][et_pb_row column_structure=&#8221;1_2,1_2&#8243; admin_label=&#8221;Fila&#8221; _builder_version=&#8221;3.25&#8243; global_colors_info=&#8221;{}&#8221;][et_pb_column type=&#8221;1_2&#8243; _builder_version=&#8221;3.25&#8243; custom_padding=&#8221;|||&#8221; global_colors_info=&#8221;{}&#8221; custom_padding__hover=&#8221;|||&#8221;][et_pb_text _builder_version=&#8221;4.10.5&#8243; text_font_size=&#8221;16px&#8221; global_colors_info=&#8221;{}&#8221;]<\/p>\n<p class=\"p1\"><b>Cruz do Pau da Vella<\/b><\/p>\n<p class=\"p1\">At\u00f3pase na Serra do Buio, a 705 metros de altitude, e consid\u00e9rase o marco divisorio entre os concellos de Cervo, Xove, Viveiro e o Valadouro. Tr\u00e1tase dunha cruz exente ou estela antropomorfa realizada en granito.<\/p>\n<p>[\/et_pb_text][\/et_pb_column][et_pb_column type=&#8221;1_2&#8243; _builder_version=&#8221;3.25&#8243; custom_padding=&#8221;|||&#8221; global_colors_info=&#8221;{}&#8221; custom_padding__hover=&#8221;|||&#8221;][et_pb_gallery gallery_ids=&#8221;1129&#8243; _builder_version=&#8221;4.10.5&#8243; _module_preset=&#8221;default&#8221; animation_style=&#8221;slide&#8221; animation_direction=&#8221;right&#8221; hover_enabled=&#8221;0&#8243; global_colors_info=&#8221;{}&#8221; fullwidth=&#8221;on&#8221; sticky_enabled=&#8221;0&#8243;][\/et_pb_gallery][\/et_pb_column][\/et_pb_row][\/et_pb_section][et_pb_section fb_built=&#8221;1&#8243; _builder_version=&#8221;4.10.5&#8243; _module_preset=&#8221;default&#8221; global_colors_info=&#8221;{}&#8221;][et_pb_row _builder_version=&#8221;4.10.5&#8243; _module_preset=&#8221;default&#8221; global_colors_info=&#8221;{}&#8221;][et_pb_column type=&#8221;4_4&#8243; _builder_version=&#8221;4.10.5&#8243; _module_preset=&#8221;default&#8221; global_colors_info=&#8221;{}&#8221;][et_pb_social_media_follow _builder_version=&#8221;4.10.5&#8243; text_orientation=&#8221;center&#8221; global_module=&#8221;1242&#8243; global_colors_info=&#8221;{}&#8221;][et_pb_social_media_follow_network social_network=&#8221;facebook&#8221; url=&#8221;https:\/\/es-es.facebook.com\/concellodovaladouro\/&#8221; _builder_version=&#8221;4.10.5&#8243; background_color=&#8221;#3b5998&#8243; global_colors_info=&#8221;{}&#8221; follow_button=&#8221;off&#8221; url_new_window=&#8221;on&#8221;]facebook[\/et_pb_social_media_follow_network][et_pb_social_media_follow_network social_network=&#8221;youtube&#8221; url=&#8221;https:\/\/www.youtube.com\/channel\/UCM4sdt5hbHpJBK9Z9Z3VFkw&#8221; _builder_version=&#8221;4.10.5&#8243; background_color=&#8221;#a82400&#8243; global_colors_info=&#8221;{}&#8221; follow_button=&#8221;off&#8221; url_new_window=&#8221;on&#8221;]youtube[\/et_pb_social_media_follow_network][et_pb_social_media_follow_network social_network=&#8221;instagram&#8221; url=&#8221;https:\/\/www.instagram.com\/concellodovaladouro\/?hl=es&#8221; _builder_version=&#8221;4.10.5&#8243; _module_preset=&#8221;default&#8221; background_color=&#8221;#ea2c59&#8243; global_colors_info=&#8221;{}&#8221; follow_button=&#8221;off&#8221; url_new_window=&#8221;on&#8221;]instagram[\/et_pb_social_media_follow_network][\/et_pb_social_media_follow][\/et_pb_column][\/et_pb_row][\/et_pb_section][et_pb_section fb_built=&#8221;1&#8243; _builder_version=&#8221;3.22&#8243; custom_padding=&#8221;0|0px|0|0px|false|false&#8221; global_module=&#8221;1406&#8243; global_colors_info=&#8221;{}&#8221;][et_pb_row column_structure=&#8221;1_8,1_8,1_8,1_8,1_8,1_8,1_8,1_8&#8243; use_custom_gutter=&#8221;on&#8221; _builder_version=&#8221;3.25&#8243; max_width=&#8221;1546px&#8221; use_custom_width=&#8221;on&#8221; custom_width_px=&#8221;1546px&#8221; global_colors_info=&#8221;{}&#8221;][et_pb_column type=&#8221;1_8&#8243; _builder_version=&#8221;3.25&#8243; custom_padding=&#8221;|||&#8221; global_colors_info=&#8221;{}&#8221; custom_padding__hover=&#8221;|||&#8221;][et_pb_blurb title=&#8221;Concello&#8221; url=&#8221;https:\/\/www.valadouro.gal\/inicio\/&#8221; image=&#8221;https:\/\/turismo.valadouro.org\/wp-content\/uploads\/2018\/08\/concello.png&#8221; image_max_width=&#8221;69%&#8221; _builder_version=&#8221;4.10.5&#8243; text_orientation=&#8221;center&#8221; filter_hue_rotate=&#8221;128deg&#8221; filter_saturate=&#8221;51%&#8221; filter_invert=&#8221;62%&#8221; global_colors_info=&#8221;{}&#8221;][\/et_pb_blurb][\/et_pb_column][et_pb_column type=&#8221;1_8&#8243; _builder_version=&#8221;3.25&#8243; custom_padding=&#8221;|||&#8221; global_colors_info=&#8221;{}&#8221; custom_padding__hover=&#8221;|||&#8221;][et_pb_blurb title=&#8221;Onde Informarse&#8221; url=&#8221;https:\/\/turismo.valadouro.gal\/gl\/onde-informarse\/&#8221; image=&#8221;https:\/\/turismo.valadouro.gal\/wp-content\/uploads\/2021\/09\/donde-informarse.png&#8221; image_max_width=&#8221;69%&#8221; _builder_version=&#8221;4.10.5&#8243; text_orientation=&#8221;center&#8221; filter_hue_rotate=&#8221;128deg&#8221; filter_saturate=&#8221;51%&#8221; filter_invert=&#8221;62%&#8221; global_colors_info=&#8221;{}&#8221;][\/et_pb_blurb][\/et_pb_column][et_pb_column type=&#8221;1_8&#8243; _builder_version=&#8221;3.25&#8243; custom_padding=&#8221;|||&#8221; global_colors_info=&#8221;{}&#8221; custom_padding__hover=&#8221;|||&#8221;][et_pb_blurb title=&#8221;Festas&#8221; url=&#8221;https:\/\/turismo.valadouro.gal\/gl\/festas\/&#8221; image=&#8221;https:\/\/turismo.valadouro.org\/wp-content\/uploads\/2018\/08\/fiestas.png&#8221; image_max_width=&#8221;69%&#8221; _builder_version=&#8221;4.10.5&#8243; text_orientation=&#8221;center&#8221; filter_hue_rotate=&#8221;128deg&#8221; filter_saturate=&#8221;51%&#8221; filter_invert=&#8221;62%&#8221; global_colors_info=&#8221;{}&#8221;][\/et_pb_blurb][\/et_pb_column][et_pb_column type=&#8221;1_8&#8243; _builder_version=&#8221;3.25&#8243; custom_padding=&#8221;|||&#8221; global_colors_info=&#8221;{}&#8221; custom_padding__hover=&#8221;|||&#8221;][et_pb_blurb title=&#8221;Restauraci\u00f3n&#8221; url=&#8221;https:\/\/turismo.valadouro.gal\/gl\/restauracion\/&#8221; image=&#8221;https:\/\/turismo.valadouro.org\/wp-content\/uploads\/2018\/08\/restauracion.png&#8221; image_max_width=&#8221;69%&#8221; _builder_version=&#8221;4.10.5&#8243; text_orientation=&#8221;center&#8221; filter_hue_rotate=&#8221;128deg&#8221; filter_saturate=&#8221;51%&#8221; filter_invert=&#8221;62%&#8221; global_colors_info=&#8221;{}&#8221;][\/et_pb_blurb][\/et_pb_column][et_pb_column type=&#8221;1_8&#8243; _builder_version=&#8221;3.25&#8243; custom_padding=&#8221;|||&#8221; global_colors_info=&#8221;{}&#8221; custom_padding__hover=&#8221;|||&#8221;][et_pb_blurb title=&#8221;Aloxamento&#8221; url=&#8221;https:\/\/turismo.valadouro.gal\/gl\/aloxamento\/&#8221; image=&#8221;https:\/\/turismo.valadouro.org\/wp-content\/uploads\/2018\/08\/alojanientos.png&#8221; image_max_width=&#8221;69%&#8221; _builder_version=&#8221;4.10.5&#8243; text_orientation=&#8221;center&#8221; filter_hue_rotate=&#8221;128deg&#8221; filter_saturate=&#8221;51%&#8221; filter_invert=&#8221;62%&#8221; global_colors_info=&#8221;{}&#8221;][\/et_pb_blurb][\/et_pb_column][et_pb_column type=&#8221;1_8&#8243; _builder_version=&#8221;3.25&#8243; custom_padding=&#8221;|||&#8221; global_colors_info=&#8221;{}&#8221; custom_padding__hover=&#8221;|||&#8221;][et_pb_blurb title=&#8221;Senderismo&#8221; url=&#8221;https:\/\/es.wikiloc.com\/wikiloc\/user.do?id=8370125&#8243; url_new_window=&#8221;on&#8221; image=&#8221;https:\/\/turismo.valadouro.org\/wp-content\/uploads\/2018\/08\/senderismo.png&#8221; image_max_width=&#8221;69%&#8221; _builder_version=&#8221;3.21&#8243; text_orientation=&#8221;center&#8221; filter_hue_rotate=&#8221;128deg&#8221; filter_saturate=&#8221;51%&#8221; filter_invert=&#8221;62%&#8221; global_colors_info=&#8221;{}&#8221;][\/et_pb_blurb][\/et_pb_column][et_pb_column type=&#8221;1_8&#8243; _builder_version=&#8221;3.25&#8243; custom_padding=&#8221;|||&#8221; global_colors_info=&#8221;{}&#8221; custom_padding__hover=&#8221;|||&#8221;][et_pb_blurb title=&#8221;Rueiro&#8221; url=&#8221;https:\/\/turismo.valadouro.gal\/gl\/rueiro\/&#8221; image=&#8221;https:\/\/turismo.valadouro.org\/wp-content\/uploads\/2018\/08\/historia2.png&#8221; image_max_width=&#8221;69%&#8221; _builder_version=&#8221;4.10.5&#8243; text_orientation=&#8221;center&#8221; filter_hue_rotate=&#8221;128deg&#8221; filter_saturate=&#8221;51%&#8221; filter_invert=&#8221;62%&#8221; global_colors_info=&#8221;{}&#8221;][\/et_pb_blurb][\/et_pb_column][et_pb_column type=&#8221;1_8&#8243; _builder_version=&#8221;3.25&#8243; custom_padding=&#8221;|||&#8221; global_colors_info=&#8221;{}&#8221; custom_padding__hover=&#8221;|||&#8221;][et_pb_blurb title=&#8221;Mapa Gis&#8221; url=&#8221;https:\/\/valadouro.gal\/GIS&#8221; image=&#8221;https:\/\/turismo.valadouro.org\/wp-content\/uploads\/2018\/08\/gis.png&#8221; image_max_width=&#8221;69%&#8221; _builder_version=&#8221;4.10.5&#8243; text_orientation=&#8221;center&#8221; filter_hue_rotate=&#8221;128deg&#8221; filter_saturate=&#8221;51%&#8221; filter_invert=&#8221;62%&#8221; global_colors_info=&#8221;{}&#8221;][\/et_pb_blurb][\/et_pb_column][\/et_pb_row][et_pb_row column_structure=&#8221;1_6,1_6,1_6,1_6,1_6,1_6&#8243; use_custom_gutter=&#8221;on&#8221; _builder_version=&#8221;3.25&#8243; max_width=&#8221;1546px&#8221; use_custom_width=&#8221;on&#8221; custom_width_px=&#8221;1546px&#8221; global_colors_info=&#8221;{}&#8221;][et_pb_column type=&#8221;1_6&#8243; _builder_version=&#8221;3.25&#8243; custom_padding=&#8221;|||&#8221; global_colors_info=&#8221;{}&#8221; custom_padding__hover=&#8221;|||&#8221;][et_pb_blurb title=&#8221; Un Destino 4 Estaci\u00f3ns&#8221; url=&#8221;https:\/\/turismo.valadouro.gal\/gl\/&#8221; image=&#8221;https:\/\/turismo.valadouro.org\/wp-content\/uploads\/2018\/08\/vive1.png&#8221; image_max_width=&#8221;69%&#8221; _builder_version=&#8221;4.10.5&#8243; text_orientation=&#8221;center&#8221; filter_hue_rotate=&#8221;128deg&#8221; filter_saturate=&#8221;51%&#8221; filter_invert=&#8221;62%&#8221; global_colors_info=&#8221;{}&#8221;][\/et_pb_blurb][\/et_pb_column][et_pb_column type=&#8221;1_6&#8243; _builder_version=&#8221;3.25&#8243; custom_padding=&#8221;|||&#8221; global_colors_info=&#8221;{}&#8221; custom_padding__hover=&#8221;|||&#8221;][et_pb_blurb title=&#8221;Natureza&#8221; url=&#8221;https:\/\/turismo.valadouro.gal\/gl\/natureza\/&#8221; image=&#8221;https:\/\/turismo.valadouro.gal\/wp-content\/uploads\/2021\/09\/naturaleza.png&#8221; image_max_width=&#8221;69%&#8221; _builder_version=&#8221;4.10.5&#8243; text_orientation=&#8221;center&#8221; filter_hue_rotate=&#8221;128deg&#8221; filter_saturate=&#8221;51%&#8221; filter_invert=&#8221;62%&#8221; global_colors_info=&#8221;{}&#8221;][\/et_pb_blurb][\/et_pb_column][et_pb_column type=&#8221;1_6&#8243; _builder_version=&#8221;3.25&#8243; custom_padding=&#8221;|||&#8221; global_colors_info=&#8221;{}&#8221; custom_padding__hover=&#8221;|||&#8221;][et_pb_blurb title=&#8221;Igrexas e pazos&#8221; url=&#8221;https:\/\/turismo.valadouro.gal\/gl\/igrexas-e-pazos\/&#8221; image=&#8221;https:\/\/turismo.valadouro.gal\/wp-content\/uploads\/2021\/09\/iglesia.png&#8221; image_max_width=&#8221;69%&#8221; _builder_version=&#8221;4.10.5&#8243; text_orientation=&#8221;center&#8221; filter_hue_rotate=&#8221;128deg&#8221; filter_saturate=&#8221;51%&#8221; filter_invert=&#8221;62%&#8221; global_colors_info=&#8221;{}&#8221;][\/et_pb_blurb][\/et_pb_column][et_pb_column type=&#8221;1_6&#8243; _builder_version=&#8221;3.25&#8243; custom_padding=&#8221;|||&#8221; global_colors_info=&#8221;{}&#8221; custom_padding__hover=&#8221;|||&#8221;][et_pb_blurb title=&#8221;Museo&#8221; url=&#8221;https:\/\/turismo.valadouro.gal\/gl\/museo\/&#8221; image=&#8221;https:\/\/turismo.valadouro.gal\/wp-content\/uploads\/2021\/09\/museo-1.png&#8221; image_max_width=&#8221;69%&#8221; _builder_version=&#8221;4.10.5&#8243; text_orientation=&#8221;center&#8221; filter_hue_rotate=&#8221;128deg&#8221; filter_saturate=&#8221;51%&#8221; filter_invert=&#8221;62%&#8221; global_colors_info=&#8221;{}&#8221;][\/et_pb_blurb][\/et_pb_column][et_pb_column type=&#8221;1_6&#8243; _builder_version=&#8221;3.25&#8243; custom_padding=&#8221;|||&#8221; global_colors_info=&#8221;{}&#8221; custom_padding__hover=&#8221;|||&#8221;][et_pb_blurb title=&#8221;Cultura&#8221; url=&#8221;https:\/\/turismo.valadouro.gal\/gl\/patrimonio-cultural\/&#8221; image=&#8221;https:\/\/turismo.valadouro.gal\/wp-content\/uploads\/2021\/09\/cultura.png&#8221; image_max_width=&#8221;69%&#8221; _builder_version=&#8221;4.10.5&#8243; text_orientation=&#8221;center&#8221; filter_hue_rotate=&#8221;128deg&#8221; filter_saturate=&#8221;51%&#8221; filter_invert=&#8221;62%&#8221; global_colors_info=&#8221;{}&#8221;][\/et_pb_blurb][\/et_pb_column][et_pb_column type=&#8221;1_6&#8243; _builder_version=&#8221;3.25&#8243; custom_padding=&#8221;|||&#8221; global_colors_info=&#8221;{}&#8221; custom_padding__hover=&#8221;|||&#8221;][et_pb_blurb title=&#8221;Historia&#8221; url=&#8221;https:\/\/turismo.valadouro.gal\/gl\/historia\/&#8221; image=&#8221;https:\/\/turismo.valadouro.gal\/wp-content\/uploads\/2021\/09\/historia.png&#8221; image_max_width=&#8221;69%&#8221; _builder_version=&#8221;4.10.5&#8243; text_orientation=&#8221;center&#8221; filter_hue_rotate=&#8221;128deg&#8221; filter_saturate=&#8221;51%&#8221; filter_invert=&#8221;62%&#8221; global_colors_info=&#8221;{}&#8221;][\/et_pb_blurb][\/et_pb_column][\/et_pb_row][\/et_pb_section][et_pb_section fb_built=&#8221;1&#8243; admin_label=&#8221;Hero&#8221; _builder_version=&#8221;3.22&#8243; background_color_gradient_direction=&#8221;70deg&#8221; background_size=&#8221;initial&#8221; background_video_height=&#8221;1080&#8243; custom_margin=&#8221;||0%|&#8221; custom_padding=&#8221;0||154px||false|false&#8221; top_divider_color=&#8221;rgba(42,81,12,0.65)&#8221; top_divider_height=&#8221;145px&#8221; top_divider_arrangement=&#8221;above_content&#8221; bottom_divider_style=&#8221;curve2&#8243; bottom_divider_color=&#8221;#415905&#8243; bottom_divider_height=&#8221;14vw&#8221; bottom_divider_repeat=&#8221;0.5x&#8221; bottom_divider_flip=&#8221;horizontal&#8221; global_colors_info=&#8221;{}&#8221;][et_pb_row _builder_version=&#8221;3.25&#8243; custom_margin=&#8221;|||&#8221; custom_padding=&#8221;0|0px|0|0px|false|false&#8221; global_colors_info=&#8221;{}&#8221;][et_pb_column type=&#8221;4_4&#8243; _builder_version=&#8221;3.25&#8243; custom_padding=&#8221;|||&#8221; global_colors_info=&#8221;{}&#8221; custom_padding__hover=&#8221;|||&#8221;][et_pb_image src=&#8221;https:\/\/turismo.valadouro.org\/wp-content\/uploads\/2018\/09\/logo-o-valadouro.png&#8221; align=&#8221;center&#8221; align_tablet=&#8221;center&#8221; align_phone=&#8221;&#8221; align_last_edited=&#8221;on|desktop&#8221; _builder_version=&#8221;3.23&#8243; max_width=&#8221;23%&#8221; global_colors_info=&#8221;{}&#8221;]<\/p>\n<p>[\/et_pb_image][\/et_pb_column][\/et_pb_row][\/et_pb_section]<\/p>\n","protected":false},"excerpt":{"rendered":"<p>Patrimonio CulturalDolmen de Santo Tom\u00e9 Tam\u00e9n co\u00f1ecido como Arca de Padorno, ub\u00edcase pr\u00f3ximo ao enclave onde se celebra a tradicional Rapa das Bestas no mes de agosto. Tr\u00e1tase dunha construcci\u00f3n funeraria semienterrada que est\u00e1 formada por catro lousas verticais e unha de cobertura, en cuxo interior atop\u00e1ronse 20 fragmentos de cer\u00e1mica lisa e unha lasca [&hellip;]<\/p>\n","protected":false},"author":3,"featured_media":0,"parent":0,"menu_order":0,"comment_status":"closed","ping_status":"closed","template":"","meta":{"_et_pb_use_builder":"on","_et_pb_old_content":"","_et_gb_content_width":"","footnotes":""},"class_list":["post-1120","page","type-page","status-publish","hentry"],"_links":{"self":[{"href":"https:\/\/turismo.valadouro.gal\/gl\/wp-json\/wp\/v2\/pages\/1120\/"}],"collection":[{"href":"https:\/\/turismo.valadouro.gal\/gl\/wp-json\/wp\/v2\/pages\/"}],"about":[{"href":"https:\/\/turismo.valadouro.gal\/gl\/wp-json\/wp\/v2\/types\/page\/"}],"author":[{"embeddable":true,"href":"https:\/\/turismo.valadouro.gal\/gl\/wp-json\/wp\/v2\/users\/3\/"}],"replies":[{"embeddable":true,"href":"https:\/\/turismo.valadouro.gal\/gl\/wp-json\/wp\/v2\/comments\/?post=1120"}],"version-history":[{"count":5,"href":"https:\/\/turismo.valadouro.gal\/gl\/wp-json\/wp\/v2\/pages\/1120\/revisions\/"}],"predecessor-version":[{"id":1414,"href":"https:\/\/turismo.valadouro.gal\/gl\/wp-json\/wp\/v2\/pages\/1120\/revisions\/1414\/"}],"wp:attachment":[{"href":"https:\/\/turismo.valadouro.gal\/gl\/wp-json\/wp\/v2\/media\/?parent=1120"}],"curies":[{"name":"wp","href":"https:\/\/api.w.org\/{rel}","templated":true}]}}